{"id":1492,"date":"2022-03-04T03:44:30","date_gmt":"2022-03-04T03:44:30","guid":{"rendered":"http:\/\/avanceempresarial.com.mx.previewc75.carrierzone.com\/?page_id=1492"},"modified":"2025-06-10T02:25:12","modified_gmt":"2025-06-10T02:25:12","slug":"services","status":"publish","type":"page","link":"http:\/\/avanceempresarial.com.mx\/inicio\/services\/","title":{"rendered":"Services"},"content":{"rendered":"\n<div class=\"wp-block-uagb-container uagb-block-a8606d6e alignfull uagb-is-root-container\"><div class=\"uagb-container-inner-blocks-wrap\">\n<div class=\"wp-block-uagb-info-box uagb-block-614c16d2 uagb-infobox__content-wrap  uagb-infobox-icon-above-title uagb-infobox-image-valign-top\"><div class=\"uagb-ifb-content\"><div class=\"uagb-ifb-title-wrap\"><span class=\"uagb-ifb-title-prefix\">Services<\/span><h4 class=\"uagb-ifb-title\">We provide a wide range of Services\u200b<\/h4><\/div><p class=\"uagb-ifb-desc\">Hacemos uso de la tecnolog\u00eda para entregar productos y servicios a nuestros clientes que les apoyen a ser cada d\u00eda mas competitivos.<\/p><\/div><\/div>\n<\/div><\/div>\n\n\n\n<div class=\"wp-block-uagb-container uagb-block-ebeffa70 alignfull uagb-is-root-container\"><div class=\"uagb-container-inner-blocks-wrap\">\n<div class=\"wp-block-uagb-advanced-heading uagb-block-351c22b1\"><h2 class=\"uagb-heading-text\">How can we help you?\u200b<\/h2><p class=\"uagb-desc-text\">Nos apasiona la tecnolog\u00eda y nuestro objetivo es que cada persona que comparte con nosotros esa pasi\u00f3n obtenga la mejor experiencia tecnol\u00f3gica al permitirnos satisfacer sus necesidades espec\u00edficas y superar sus expectativas..\u200b<\/p><\/div>\n\n\n\n<div class=\"wp-block-uagb-container uagb-block-a85bf556\">\n<div class=\"wp-block-uagb-container uagb-block-0751e713\">\n<div class=\"wp-block-uagb-info-box uagb-block-d0505e23 uagb-infobox__content-wrap  uagb-infobox-icon-above-title uagb-infobox-image-valign-top\"><div class=\"uagb-ifb-content\"><div class=\"uagb-ifb-icon-wrap\"><svg xmlns=\"https:\/\/www.w3.org\/2000\/svg\" viewBox=\"0 0 640 512\"><path d=\"M96.2 200.1C96.07 197.4 96 194.7 96 192C96 103.6 167.6 32 256 32C315.3 32 367 64.25 394.7 112.2C409.9 101.1 428.3 96 448 96C501 96 544 138.1 544 192C544 204.2 541.7 215.8 537.6 226.6C596 238.4 640 290.1 640 352C640 422.7 582.7 480 512 480H144C64.47 480 0 415.5 0 336C0 273.2 40.17 219.8 96.2 200.1z\"><\/path><\/svg><\/div><div class=\"uagb-ifb-title-wrap\"><h4 class=\"uagb-ifb-title\"><strong>Cloud<\/strong><\/h4><\/div><p class=\"uagb-ifb-desc\">Migraci\u00f3n de su infraestructura a la nube.<br>IaaS, SaaS, PaaS.<br>Almacenamiente en Nube.\u200b<br>Aplicaciones en nube.<\/p><\/div><\/div>\n<\/div>\n\n\n\n<div class=\"wp-block-uagb-container uagb-block-ab0afac0\">\n<div class=\"wp-block-uagb-info-box uagb-block-71635d1f uagb-infobox__content-wrap  uagb-infobox-icon-above-title uagb-infobox-image-valign-top\"><div class=\"uagb-ifb-content\"><div class=\"uagb-ifb-icon-wrap\"><svg xmlns=\"https:\/\/www.w3.org\/2000\/svg\" viewBox=\"0 0 576 512\"><path d=\"M128 160C128 142.3 142.3 128 160 128H288C305.7 128 320 142.3 320 160V256C320 273.7 305.7 288 288 288H160C142.3 288 128 273.7 128 256V160zM288 320C323.3 320 352 291.3 352 256V224H416C433.7 224 448 238.3 448 256V352C448 369.7 433.7 384 416 384H288C270.3 384 256 369.7 256 352V320H288zM32 119.4C12.87 108.4 0 87.69 0 64C0 28.65 28.65 0 64 0C87.69 0 108.4 12.87 119.4 32H456.6C467.6 12.87 488.3 0 512 0C547.3 0 576 28.65 576 64C576 87.69 563.1 108.4 544 119.4V392.6C563.1 403.6 576 424.3 576 448C576 483.3 547.3 512 512 512C488.3 512 467.6 499.1 456.6 480H119.4C108.4 499.1 87.69 512 64 512C28.65 512 0 483.3 0 448C0 424.3 12.87 403.6 32 392.6V119.4zM119.4 96C113.8 105.7 105.7 113.8 96 119.4V392.6C105.7 398.2 113.8 406.3 119.4 416H456.6C462.2 406.3 470.3 398.2 480 392.6V119.4C470.3 113.8 462.2 105.7 456.6 96H119.4z\"><\/path><\/svg><\/div><div class=\"uagb-ifb-title-wrap\"><h4 class=\"uagb-ifb-title\">Software <strong><strong>Development\u200b<\/strong><\/strong><\/h4><\/div><p class=\"uagb-ifb-desc\">Desarrollamos software para la gesti\u00f3n de ciudades y recursos. <br>Aplicaciones M\u00f3viles<br>Aplicaciones web<br>APIs y microservicios.<\/p><\/div><\/div>\n<\/div>\n\n\n\n<div class=\"wp-block-uagb-container uagb-block-0bfd07ac\">\n<div class=\"wp-block-uagb-info-box uagb-block-06bf2df8 uagb-infobox__content-wrap  uagb-infobox-icon-above-title uagb-infobox-image-valign-top\"><div class=\"uagb-ifb-content\"><div class=\"uagb-ifb-icon-wrap\"><svg xmlns=\"https:\/\/www.w3.org\/2000\/svg\" viewBox=\"0 0 640 512\"><path d=\"M480 192H592C618.5 192 640 213.5 640 240V464C640 490.5 618.5 512 592 512H48C21.49 512 0 490.5 0 464V144C0 117.5 21.49 96 48 96H64V24C64 10.75 74.75 0 88 0C101.3 0 112 10.75 112 24V96H176V24C176 10.75 186.7 0 200 0C213.3 0 224 10.75 224 24V96H288V48C288 21.49 309.5 0 336 0H432C458.5 0 480 21.49 480 48V192zM576 368C576 359.2 568.8 352 560 352H528C519.2 352 512 359.2 512 368V400C512 408.8 519.2 416 528 416H560C568.8 416 576 408.8 576 400V368zM240 416C248.8 416 256 408.8 256 400V368C256 359.2 248.8 352 240 352H208C199.2 352 192 359.2 192 368V400C192 408.8 199.2 416 208 416H240zM128 368C128 359.2 120.8 352 112 352H80C71.16 352 64 359.2 64 368V400C64 408.8 71.16 416 80 416H112C120.8 416 128 408.8 128 400V368zM528 256C519.2 256 512 263.2 512 272V304C512 312.8 519.2 320 528 320H560C568.8 320 576 312.8 576 304V272C576 263.2 568.8 256 560 256H528zM256 176C256 167.2 248.8 160 240 160H208C199.2 160 192 167.2 192 176V208C192 216.8 199.2 224 208 224H240C248.8 224 256 216.8 256 208V176zM80 160C71.16 160 64 167.2 64 176V208C64 216.8 71.16 224 80 224H112C120.8 224 128 216.8 128 208V176C128 167.2 120.8 160 112 160H80zM256 272C256 263.2 248.8 256 240 256H208C199.2 256 192 263.2 192 272V304C192 312.8 199.2 320 208 320H240C248.8 320 256 312.8 256 304V272zM112 320C120.8 320 128 312.8 128 304V272C128 263.2 120.8 256 112 256H80C71.16 256 64 263.2 64 272V304C64 312.8 71.16 320 80 320H112zM416 272C416 263.2 408.8 256 400 256H368C359.2 256 352 263.2 352 272V304C352 312.8 359.2 320 368 320H400C408.8 320 416 312.8 416 304V272zM368 64C359.2 64 352 71.16 352 80V112C352 120.8 359.2 128 368 128H400C408.8 128 416 120.8 416 112V80C416 71.16 408.8 64 400 64H368zM416 176C416 167.2 408.8 160 400 160H368C359.2 160 352 167.2 352 176V208C352 216.8 359.2 224 368 224H400C408.8 224 416 216.8 416 208V176z\"><\/path><\/svg><\/div><div class=\"uagb-ifb-title-wrap\"><h4 class=\"uagb-ifb-title\">Smartcities\u200b\u200b<\/h4><\/div><p class=\"uagb-ifb-desc\">Desarrollamos soluciones para la transformaci\u00f3n digital de las ciudades. Promovemos un desarrollo sostenible para mejorar la calidad de vida de sus ciudadanos.<\/p><\/div><\/div>\n<\/div>\n<\/div>\n\n\n\n<div class=\"wp-block-uagb-container uagb-block-fd67aa82\">\n<div class=\"wp-block-uagb-container uagb-block-7d7e96cf\">\n<div class=\"wp-block-uagb-info-box uagb-block-38d90ddf uagb-infobox__content-wrap  uagb-infobox-icon-above-title uagb-infobox-image-valign-top\"><div class=\"uagb-ifb-content\"><div class=\"uagb-ifb-icon-wrap\"><svg xmlns=\"https:\/\/www.w3.org\/2000\/svg\" viewBox=\"0 0 384 512\"><path d=\"M112.1 454.3c0 6.297 1.816 12.44 5.284 17.69l17.14 25.69c5.25 7.875 17.17 14.28 26.64 14.28h61.67c9.438 0 21.36-6.401 26.61-14.28l17.08-25.68c2.938-4.438 5.348-12.37 5.348-17.7L272 415.1h-160L112.1 454.3zM191.4 .0132C89.44 .3257 16 82.97 16 175.1c0 44.38 16.44 84.84 43.56 115.8c16.53 18.84 42.34 58.23 52.22 91.45c.0313 .25 .0938 .5166 .125 .7823h160.2c.0313-.2656 .0938-.5166 .125-.7823c9.875-33.22 35.69-72.61 52.22-91.45C351.6 260.8 368 220.4 368 175.1C368 78.61 288.9-.2837 191.4 .0132zM192 96.01c-44.13 0-80 35.89-80 79.1C112 184.8 104.8 192 96 192S80 184.8 80 176c0-61.76 50.25-111.1 112-111.1c8.844 0 16 7.159 16 16S200.8 96.01 192 96.01z\"><\/path><\/svg><\/div><div class=\"uagb-ifb-title-wrap\"><h4 class=\"uagb-ifb-title\"><strong><strong>Energy Solutions\u200b<\/strong>\u200b<\/strong><\/h4><\/div><p class=\"uagb-ifb-desc\">Contribuimos a conseguir la eficiencia energ\u00e9tica.\u200b<br>Ahorro de energ\u00eda.<br>Calidad y seguridad de la energ\u00eda<br>Automatizaci\u00f3n de operaciones.<\/p><\/div><\/div>\n<\/div>\n\n\n\n<div class=\"wp-block-uagb-container uagb-block-89b5033f\">\n<div class=\"wp-block-uagb-info-box uagb-block-990bfb63 uagb-infobox__content-wrap  uagb-infobox-icon-above-title uagb-infobox-image-valign-top\"><div class=\"uagb-ifb-content\"><div class=\"uagb-ifb-icon-wrap\"><svg xmlns=\"https:\/\/www.w3.org\/2000\/svg\" viewBox=\"0 0 576 512\"><path d=\"M512 32C547.3 32 576 60.65 576 96V128H0V96C0 60.65 28.65 32 64 32H512zM576 416C576 451.3 547.3 480 512 480H64C28.65 480 0 451.3 0 416V224H576V416zM112 352C103.2 352 96 359.2 96 368C96 376.8 103.2 384 112 384H176C184.8 384 192 376.8 192 368C192 359.2 184.8 352 176 352H112zM240 384H368C376.8 384 384 376.8 384 368C384 359.2 376.8 352 368 352H240C231.2 352 224 359.2 224 368C224 376.8 231.2 384 240 384z\"><\/path><\/svg><\/div><div class=\"uagb-ifb-title-wrap\"><h4 class=\"uagb-ifb-title\"><strong><strong>Advance Business\u200b<\/strong><\/strong><\/h4><\/div><p class=\"uagb-ifb-desc\">Consultor\u00eda Cloud<br>Consultoria en procesos de negocio.<br>Consultor\u00eda en optimizaci\u00f3n de recursos y desarrollo de aplicaciones.<\/p><\/div><\/div>\n<\/div>\n\n\n\n<div class=\"wp-block-uagb-container uagb-block-5224b7dd\">\n<div class=\"wp-block-uagb-info-box uagb-block-797b5a73 uagb-infobox__content-wrap  uagb-infobox-icon-above-title uagb-infobox-image-valign-top\"><div class=\"uagb-ifb-content\"><div class=\"uagb-ifb-icon-wrap\"><svg xmlns=\"https:\/\/www.w3.org\/2000\/svg\" viewBox=\"0 0 512 512\"><path d=\"M256 0C114.6 0 0 114.6 0 256s114.6 256 256 256s256-114.6 256-256S397.4 0 256 0zM256 128c39.77 0 72 32.24 72 72S295.8 272 256 272c-39.76 0-72-32.24-72-72S216.2 128 256 128zM256 448c-52.93 0-100.9-21.53-135.7-56.29C136.5 349.9 176.5 320 224 320h64c47.54 0 87.54 29.88 103.7 71.71C356.9 426.5 308.9 448 256 448z\"><\/path><\/svg><\/div><div class=\"uagb-ifb-title-wrap\"><h4 class=\"uagb-ifb-title\"><strong>Help &amp; Support\u200b<\/strong>\u200b\u200b<\/h4><\/div><p class=\"uagb-ifb-desc\">Nuestro equipo garantiza que tu experiencia tecnol\u00f3gica sea fluida y eficiente. Nuestras soluciones r\u00e1pidas y efectivas impulsan tu productividad y tranquilidad.\u200b<\/p><\/div><\/div>\n<\/div>\n<\/div>\n<\/div><\/div>\n\n\n\n<div class=\"wp-block-uagb-container uagb-block-4c8c5d96 alignfull uagb-is-root-container\"><div class=\"uagb-container-inner-blocks-wrap\">\n<div class=\"wp-block-uagb-advanced-heading uagb-block-2ea08763\"><h2 class=\"uagb-heading-text\">Soluciones\u200b<\/h2><p class=\"uagb-desc-text\">Cloud: IaaS, SaaS, PaaS.\u200b Soluciones de negocio para incrementar la productividad. Soluciones de Inteligencia Artificial<\/p><\/div>\n<\/div><\/div>\n\n\n\n<div class=\"wp-block-uagb-container uagb-block-0c228191 alignfull uagb-is-root-container\"><div class=\"uagb-container-inner-blocks-wrap\">\n<div class=\"wp-block-uagb-container uagb-block-034ea77f\">\n<div class=\"wp-block-uagb-image aligncenter uagb-block-82e5896c wp-block-uagb-image--layout-default wp-block-uagb-image--effect-static wp-block-uagb-image--align-center\"><figure class=\"wp-block-uagb-image__figure\"><img decoding=\"async\" srcset=\"http:\/\/avanceempresarial.com.mx.previewc75.carrierzone.com\/wp-content\/uploads\/2024\/03\/openstack-logo.png ,http:\/\/avanceempresarial.com.mx.previewc75.carrierzone.com\/wp-content\/uploads\/2024\/03\/openstack-logo.png 780w, http:\/\/avanceempresarial.com.mx.previewc75.carrierzone.com\/wp-content\/uploads\/2024\/03\/openstack-logo.png 360w\" sizes=\"auto, (max-width: 480px) 150px\" src=\"http:\/\/avanceempresarial.com.mx.previewc75.carrierzone.com\/wp-content\/uploads\/2024\/03\/openstack-logo.png\" alt=\"\" class=\"uag-image-2575\" width=\"160\" height=\"59\" title=\"\" loading=\"lazy\"\/><\/figure><\/div>\n<\/div>\n\n\n\n<div class=\"wp-block-uagb-container uagb-block-a6ca00da\">\n<div class=\"wp-block-uagb-image aligncenter uagb-block-c251e729 wp-block-uagb-image--layout-default wp-block-uagb-image--effect-static wp-block-uagb-image--align-center\"><figure class=\"wp-block-uagb-image__figure\"><img decoding=\"async\" srcset=\"http:\/\/avanceempresarial.com.mx.previewc75.carrierzone.com\/wp-content\/uploads\/2024\/03\/docker.png ,http:\/\/avanceempresarial.com.mx.previewc75.carrierzone.com\/wp-content\/uploads\/2024\/03\/docker.png 780w, http:\/\/avanceempresarial.com.mx.previewc75.carrierzone.com\/wp-content\/uploads\/2024\/03\/docker.png 360w\" sizes=\"auto, (max-width: 480px) 150px\" src=\"http:\/\/avanceempresarial.com.mx.previewc75.carrierzone.com\/wp-content\/uploads\/2024\/03\/docker.png\" alt=\"\" class=\"uag-image-2577\" width=\"160\" height=\"160\" title=\"\" loading=\"lazy\"\/><\/figure><\/div>\n<\/div>\n\n\n\n<div class=\"wp-block-uagb-container uagb-block-4587cb35\">\n<div class=\"wp-block-uagb-image aligncenter uagb-block-f0d95874 wp-block-uagb-image--layout-default wp-block-uagb-image--effect-static wp-block-uagb-image--align-center\"><figure class=\"wp-block-uagb-image__figure\"><img decoding=\"async\" srcset=\"http:\/\/avanceempresarial.com.mx.previewc75.carrierzone.com\/wp-content\/uploads\/2024\/03\/Github.png ,http:\/\/avanceempresarial.com.mx.previewc75.carrierzone.com\/wp-content\/uploads\/2024\/03\/Github.png 780w, http:\/\/avanceempresarial.com.mx.previewc75.carrierzone.com\/wp-content\/uploads\/2024\/03\/Github.png 360w\" sizes=\"auto, (max-width: 480px) 150px\" src=\"http:\/\/avanceempresarial.com.mx.previewc75.carrierzone.com\/wp-content\/uploads\/2024\/03\/Github.png\" alt=\"\" class=\"uag-image-2579\" width=\"160\" height=\"160\" title=\"\" loading=\"lazy\"\/><\/figure><\/div>\n<\/div>\n\n\n\n<div class=\"wp-block-uagb-container uagb-block-2e408ff7\">\n<div class=\"wp-block-uagb-image aligncenter uagb-block-8449d117 wp-block-uagb-image--layout-default wp-block-uagb-image--effect-static wp-block-uagb-image--align-center\"><figure class=\"wp-block-uagb-image__figure\"><img decoding=\"async\" srcset=\"http:\/\/avanceempresarial.com.mx.previewc75.carrierzone.com\/wp-content\/uploads\/2024\/03\/wordpress.png ,http:\/\/avanceempresarial.com.mx.previewc75.carrierzone.com\/wp-content\/uploads\/2024\/03\/wordpress.png 780w, http:\/\/avanceempresarial.com.mx.previewc75.carrierzone.com\/wp-content\/uploads\/2024\/03\/wordpress.png 360w\" sizes=\"auto, (max-width: 480px) 150px\" src=\"http:\/\/avanceempresarial.com.mx.previewc75.carrierzone.com\/wp-content\/uploads\/2024\/03\/wordpress.png\" alt=\"\" class=\"uag-image-2581\" width=\"160\" height=\"160\" title=\"\" loading=\"lazy\"\/><\/figure><\/div>\n<\/div>\n<\/div><\/div>\n\n\n\n<div class=\"wp-block-uagb-container uagb-block-38e74e87 alignfull uagb-is-root-container\"><div class=\"uagb-container-inner-blocks-wrap\">\n<div class=\"wp-block-uagb-advanced-heading uagb-block-dfae4bf6\"><h3 class=\"uagb-heading-text\">\u00abInteligencia Artificial\u00bb\u200b<\/h3><p class=\"uagb-desc-text\">Algunas personas llaman a esto inteligencia artificial, pero la realidad es que esta tecnolog\u00eda nos mejorar\u00e1. Entonces, en lugar de inteligencia artificial, creo que aumentaremos nuestra inteligencia.\u200b<\/p><\/div>\n\n\n\n<div class=\"wp-block-uagb-info-box uagb-block-77877020 uagb-infobox__content-wrap  uagb-infobox-icon-above-title uagb-infobox-image-valign-top\"><div class=\"uagb-ifb-content\"><div class=\"uagb-ifb-image-content\"><img decoding=\"async\" src=\"http:\/\/avanceempresarial.com.mx.previewc75.carrierzone.com\/wp-content\/uploads\/2024\/03\/Ginny-Rommetty-150x150.jpg\" alt=\"\" width=\"60\" height=\"60\" loading=\"lazy\"\/><\/div><div class=\"uagb-ifb-title-wrap\"><h3 class=\"uagb-ifb-title\"><strong>Ginni Rometty\u200b<\/strong><\/h3><\/div><p class=\"uagb-ifb-desc\">Empresaria estadounidense, expresidenta y CEO de la compa\u00f1\u00eda IBM<\/p><\/div><\/div>\n<\/div><\/div>\n\n\n\n<div class=\"wp-block-uagb-container uagb-block-13f5591c alignfull uagb-is-root-container\"><div class=\"uagb-container-inner-blocks-wrap\">\n<div class=\"wp-block-uagb-container uagb-block-dea1c38a\">\n<div class=\"wp-block-uagb-container uagb-block-e63ed10b\">\n<div class=\"wp-block-uagb-advanced-heading uagb-block-4dec9dd2\"><h3 class=\"uagb-heading-text\">\u00bfQuieres iniciar un proyecto con nosotros?\u200b<\/h3><p class=\"uagb-desc-text\">Envianos un correo a: info@avanceempresarial.com.mx.<\/p><\/div>\n<\/div>\n\n\n\n<div class=\"wp-block-uagb-container uagb-block-70ee6c1b\">\n<div class=\"wp-block-uagb-buttons uagb-buttons__outer-wrap uagb-btn__default-btn uagb-btn-tablet__default-btn uagb-btn-mobile__default-btn uagb-block-1f71f8a9\"><div class=\"uagb-buttons__wrap uagb-buttons-layout-wrap\">\n<div class=\"wp-block-uagb-buttons-child uagb-buttons__outer-wrap uagb-block-3f6d5707 wp-block-button\"><div class=\"uagb-button__wrapper\"><a class=\"uagb-buttons-repeater wp-block-button__link\" aria-label=\"\" href=\"https:\/\/wa.me\/525583317872\" rel=\"follow noopener\" target=\"_self\"><div class=\"uagb-button__link\">Whatsapp<br>+52 55 8331 7872<\/div><\/a><\/div><\/div>\n<\/div><\/div>\n<\/div>\n<\/div>\n<\/div><\/div>\n","protected":false},"excerpt":{"rendered":"<p>How can we help you?\u200b Nos apasiona la tecnolog\u00eda y nuestro objetivo es que cada persona que comparte con nosotros esa pasi\u00f3n obtenga la mejor experiencia tecnol\u00f3gica al permitirnos satisfacer sus necesidades espec\u00edficas y superar sus expectativas..\u200b Soluciones\u200b Cloud: IaaS, SaaS, PaaS.\u200b Soluciones de negocio para incrementar la productividad. Soluciones de Inteligencia Artificial \u00abInteligencia Artificial\u00bb\u200b [&hellip;]<\/p>\n","protected":false},"author":1,"featured_media":0,"parent":0,"menu_order":0,"comment_status":"closed","ping_status":"closed","template":"","meta":{"_uag_custom_page_level_css":"","site-sidebar-layout":"no-sidebar","site-content-layout":"page-builder","ast-site-content-layout":"full-width-container","site-content-style":"unboxed","site-sidebar-style":"unboxed","ast-global-header-display":"","ast-banner-title-visibility":"","ast-main-header-display":"","ast-hfb-above-header-display":"","ast-hfb-below-header-display":"","ast-hfb-mobile-header-display":"","site-post-title":"disabled","ast-breadcrumbs-content":"","ast-featured-img":"disabled","footer-sml-layout":"","theme-transparent-header-meta":"enabled","adv-header-id-meta":"","stick-header-meta":"","header-above-stick-meta":"","header-main-stick-meta":"","header-below-stick-meta":"","astra-migrate-meta-layouts":"set","ast-page-background-enabled":"default","ast-page-background-meta":{"desktop":{"background-color":"var(--ast-global-color-4)","background-image":"","background-repeat":"repeat","background-position":"center center","background-size":"auto","background-attachment":"scroll","background-type":"","background-media":"","overlay-type":"","overlay-color":"","overlay-opacity":"","overlay-gradient":""},"tablet":{"background-color":"","background-image":"","background-repeat":"repeat","background-position":"center center","background-size":"auto","background-attachment":"scroll","background-type":"","background-media":"","overlay-type":"","overlay-color":"","overlay-opacity":"","overlay-gradient":""},"mobile":{"background-color":"","background-image":"","background-repeat":"repeat","background-position":"center center","background-size":"auto","background-attachment":"scroll","background-type":"","background-media":"","overlay-type":"","overlay-color":"","overlay-opacity":"","overlay-gradient":""}},"ast-content-background-meta":{"desktop":{"background-color":"var(--ast-global-color-5)","background-image":"","background-repeat":"repeat","background-position":"center center","background-size":"auto","background-attachment":"scroll","background-type":"","background-media":"","overlay-type":"","overlay-color":"","overlay-opacity":"","overlay-gradient":""},"tablet":{"background-color":"var(--ast-global-color-5)","background-image":"","background-repeat":"repeat","background-position":"center center","background-size":"auto","background-attachment":"scroll","background-type":"","background-media":"","overlay-type":"","overlay-color":"","overlay-opacity":"","overlay-gradient":""},"mobile":{"background-color":"var(--ast-global-color-5)","background-image":"","background-repeat":"repeat","background-position":"center center","background-size":"auto","background-attachment":"scroll","background-type":"","background-media":"","overlay-type":"","overlay-color":"","overlay-opacity":"","overlay-gradient":""}},"footnotes":""},"class_list":["post-1492","page","type-page","status-publish","hentry"],"uagb_featured_image_src":{"full":false,"thumbnail":false,"medium":false,"medium_large":false,"large":false,"1536x1536":false,"2048x2048":false},"uagb_author_info":{"display_name":"Vdiazcantu1010","author_link":"http:\/\/avanceempresarial.com.mx\/inicio\/author\/vdiazcantu1010\/"},"uagb_comment_info":0,"uagb_excerpt":"How can we help you?\u200b Nos apasiona la tecnolog\u00eda y nuestro objetivo es que cada persona que comparte con nosotros esa pasi\u00f3n obtenga la mejor experiencia tecnol\u00f3gica al permitirnos satisfacer sus necesidades espec\u00edficas y superar sus expectativas..\u200b Soluciones\u200b Cloud: IaaS, SaaS, PaaS.\u200b Soluciones de negocio para incrementar la productividad. Soluciones de Inteligencia Artificial \u00abInteligencia Artificial\u00bb\u200b&hellip;","_links":{"self":[{"href":"http:\/\/avanceempresarial.com.mx\/inicio\/wp-json\/wp\/v2\/pages\/1492","targetHints":{"allow":["GET"]}}],"collection":[{"href":"http:\/\/avanceempresarial.com.mx\/inicio\/wp-json\/wp\/v2\/pages"}],"about":[{"href":"http:\/\/avanceempresarial.com.mx\/inicio\/wp-json\/wp\/v2\/types\/page"}],"author":[{"embeddable":true,"href":"http:\/\/avanceempresarial.com.mx\/inicio\/wp-json\/wp\/v2\/users\/1"}],"replies":[{"embeddable":true,"href":"http:\/\/avanceempresarial.com.mx\/inicio\/wp-json\/wp\/v2\/comments?post=1492"}],"version-history":[{"count":19,"href":"http:\/\/avanceempresarial.com.mx\/inicio\/wp-json\/wp\/v2\/pages\/1492\/revisions"}],"predecessor-version":[{"id":2656,"href":"http:\/\/avanceempresarial.com.mx\/inicio\/wp-json\/wp\/v2\/pages\/1492\/revisions\/2656"}],"wp:attachment":[{"href":"http:\/\/avanceempresarial.com.mx\/inicio\/wp-json\/wp\/v2\/media?parent=1492"}],"curies":[{"name":"wp","href":"https:\/\/api.w.org\/{rel}","templated":true}]}}